{"id":42,"date":"2015-08-20T21:20:51","date_gmt":"2015-08-20T21:20:51","guid":{"rendered":"https:\/\/demec.ufpr.br\/gbio\/?page_id=42"},"modified":"2024-08-20T04:39:26","modified_gmt":"2024-08-20T04:39:26","slug":"historico","status":"publish","type":"page","link":"https:\/\/demec.ufpr.br\/gbio\/historico\/","title":{"rendered":"Hist\u00f3rico"},"content":{"rendered":"<p style=\"text-align: justify\">Desde 2009, o Grupo de Biomateriais, Eletroqu\u00edmica e Corros\u00e3o tem desenvolvido pesquisas na \u00e1rea de tratamentos superficiais em materiais biocompat\u00edveis, al\u00e9m de ensaios eletroqu\u00edmicos para estudo da corros\u00e3o em biomateriais. \u00a0O <strong>GBioCorr \u2013 UFPR<\/strong> mant\u00e9m colabora\u00e7\u00e3o com a empresa de implantes ortop\u00e9dicos.<\/p>\n<p style=\"text-align: justify\"><strong>Linhas de pesquisa<\/strong>: Corros\u00e3o em biomateriais; tratamentos superficiais em implantes dent\u00e1rios e ortop\u00e9dicos, ensaios de bioatividade in vitro; desenvolvimento de novos materiais e ligas biocompat\u00edveis; obten\u00e7\u00e3o e caracteriza\u00e7\u00e3o de \u00f3xidos auto-organizados e nanoestruturados; revestimentos inteligentes (micro e nanoc\u00e1psulas est\u00edmulo-responsivas); estudos de corros\u00e3o e prote\u00e7\u00e3o contra corros\u00e3o por t\u00e9cnicas eletroqu\u00edmicas.<\/p>\n<p><strong>Apoio: UFPR, PIPE-UFPR, FUNPAR, CAPES, CNPq, Funda\u00e7\u00e3o Arauc\u00e1ria e QI-Qu\u00edmica Inteligente Ltda.<\/strong><\/p>\n\n\n<h3 class=\"wp-block-heading\"><strong>L\u00edder<\/strong><\/h3>\n\n\n<p style=\"text-align: justify\">Professor Associado em <strong>Engenharia Mec\u00e2nica da UFPR<\/strong> (Brasil). Possui <strong>gradua\u00e7\u00e3o em Qu\u00edmica<\/strong> pela UFSCar (Brasil), <strong>mestrado e doutorado em F\u00edsico-Qu\u00edmica<\/strong> pela UFSCar. Desde 2002 atua como professor e orientador de cursos de mestrado e doutorado do Programa de P\u00f3s-Gradua\u00e7\u00e3o em Engenharia e Ci\u00eancias dos Materiais (UFPR). <strong>Bolsa de produtividade PQ-1D e l\u00edder DGP-CNPq<\/strong>. ORCID: http:\/\/orcid.org\/0000-0003-2660-4577. <strong>Criou e \u00e9 L\u00edder do grupo de pesquisa e laborat\u00f3rio de Biomateriais, Eletroqu\u00edmica e Corros\u00e3o<\/strong>. Laborat\u00f3rio este credenciado ao PNIPE-MCTI. Tem experi\u00eancia na \u00e1rea de Qu\u00edmica e Engenharia de Materiais, com \u00eanfase em Corros\u00e3o, Eletroqu\u00edmica e Biomateriais. Parcerias com ind\u00fastrias de tintas anticorrosivas, sistemas comerciais responsivos a est\u00edmulos, qu\u00edmica verde e implantes biom\u00e9dicos. Colabora\u00e7\u00f5es com<strong> universidades nacionais e internacionais<\/strong> e afilia\u00e7\u00f5es em associa\u00e7\u00f5es profissionais na \u00e1rea de corros\u00e3o, materiais e biomateriais.<\/p>\n\n\n<p><\/p>\n","protected":false},"excerpt":{"rendered":"<p>Desde 2009, o Grupo de Biomateriais, Eletroqu\u00edmica e Corros\u00e3o tem desenvolvido pesquisas [&hellip;]<\/p>\n","protected":false},"author":1006,"featured_media":0,"parent":0,"menu_order":0,"comment_status":"open","ping_status":"open","template":"","meta":{"_acf_changed":false,"footnotes":""},"class_list":["post-42","page","type-page","status-publish","hentry"],"acf":[],"_links":{"self":[{"href":"https:\/\/demec.ufpr.br\/gbio\/wp-json\/wp\/v2\/pages\/42","targetHints":{"allow":["GET"]}}],"collection":[{"href":"https:\/\/demec.ufpr.br\/gbio\/wp-json\/wp\/v2\/pages"}],"about":[{"href":"https:\/\/demec.ufpr.br\/gbio\/wp-json\/wp\/v2\/types\/page"}],"author":[{"embeddable":true,"href":"https:\/\/demec.ufpr.br\/gbio\/wp-json\/wp\/v2\/users\/1006"}],"replies":[{"embeddable":true,"href":"https:\/\/demec.ufpr.br\/gbio\/wp-json\/wp\/v2\/comments?post=42"}],"version-history":[{"count":10,"href":"https:\/\/demec.ufpr.br\/gbio\/wp-json\/wp\/v2\/pages\/42\/revisions"}],"predecessor-version":[{"id":2355,"href":"https:\/\/demec.ufpr.br\/gbio\/wp-json\/wp\/v2\/pages\/42\/revisions\/2355"}],"wp:attachment":[{"href":"https:\/\/demec.ufpr.br\/gbio\/wp-json\/wp\/v2\/media?parent=42"}],"curies":[{"name":"wp","href":"https:\/\/api.w.org\/{rel}","templated":true}]}}