{"id":277,"date":"2016-05-12T23:31:14","date_gmt":"2016-05-12T23:31:14","guid":{"rendered":"https:\/\/demec.ufpr.br\/gbio\/?page_id=277"},"modified":"2024-08-21T21:31:54","modified_gmt":"2024-08-21T21:31:54","slug":"capsulas-estimulo-responsivas","status":"publish","type":"page","link":"https:\/\/demec.ufpr.br\/gbio\/capsulas-estimulo-responsivas\/","title":{"rendered":"Sistemas Est\u00edmulo-Responsivos"},"content":{"rendered":"\n<p class=\"has-text-align-center\">C\u00e1psulas&nbsp;polim\u00e9ricas ou Nanopart\u00edculas H\u00edbridas que respondem a est\u00edmulos externos, como temperatura, pH, radia\u00e7\u00e3o UV e\/ou defeitos mec\u00e2nicos, liberando&nbsp;agentes ativos encapsulados em local espec\u00edfico e sob demanda<\/p>\n\n\n<div class=\"wp-block-image\">\n<figure class=\"aligncenter size-full\"><a href=\"https:\/\/demec.ufpr.br\/gbio\/wp-content\/uploads\/sites\/10\/2024\/08\/image-7-3.png\"><img fetchpriority=\"high\" decoding=\"async\" width=\"302\" height=\"288\" src=\"https:\/\/demec.ufpr.br\/gbio\/wp-content\/uploads\/sites\/10\/2024\/08\/image-7-3.png\" alt=\"\" class=\"wp-image-2440\" srcset=\"https:\/\/demec.ufpr.br\/gbio\/wp-content\/uploads\/sites\/10\/2024\/08\/image-7-3.png 302w, https:\/\/demec.ufpr.br\/gbio\/wp-content\/uploads\/sites\/10\/2024\/08\/image-7-3-300x286.png 300w, https:\/\/demec.ufpr.br\/gbio\/wp-content\/uploads\/sites\/10\/2024\/08\/image-7-3-105x100.png 105w, https:\/\/demec.ufpr.br\/gbio\/wp-content\/uploads\/sites\/10\/2024\/08\/image-7-3-60x57.png 60w\" sizes=\"(max-width: 302px) 100vw, 302px\" \/><\/a><\/figure>\n<\/div>\n\n<p style=\"text-align: center\"><strong>Microscopia \u00f3ptica da microc\u00e1psula de gelatina\/goma ar\u00e1bica contendo \u00f3leo de cal\u00eandula.(BADKE, L. B.; 2016).<\/strong><\/p>","protected":false},"excerpt":{"rendered":"<p>C\u00e1psulas&nbsp;polim\u00e9ricas ou Nanopart\u00edculas H\u00edbridas que respondem a est\u00edmulos externos, como temperatura, pH, [&hellip;]<\/p>\n","protected":false},"author":1006,"featured_media":0,"parent":0,"menu_order":0,"comment_status":"open","ping_status":"open","template":"","meta":{"_acf_changed":false,"footnotes":""},"class_list":["post-277","page","type-page","status-publish","hentry"],"acf":[],"_links":{"self":[{"href":"https:\/\/demec.ufpr.br\/gbio\/wp-json\/wp\/v2\/pages\/277","targetHints":{"allow":["GET"]}}],"collection":[{"href":"https:\/\/demec.ufpr.br\/gbio\/wp-json\/wp\/v2\/pages"}],"about":[{"href":"https:\/\/demec.ufpr.br\/gbio\/wp-json\/wp\/v2\/types\/page"}],"author":[{"embeddable":true,"href":"https:\/\/demec.ufpr.br\/gbio\/wp-json\/wp\/v2\/users\/1006"}],"replies":[{"embeddable":true,"href":"https:\/\/demec.ufpr.br\/gbio\/wp-json\/wp\/v2\/comments?post=277"}],"version-history":[{"count":8,"href":"https:\/\/demec.ufpr.br\/gbio\/wp-json\/wp\/v2\/pages\/277\/revisions"}],"predecessor-version":[{"id":2442,"href":"https:\/\/demec.ufpr.br\/gbio\/wp-json\/wp\/v2\/pages\/277\/revisions\/2442"}],"wp:attachment":[{"href":"https:\/\/demec.ufpr.br\/gbio\/wp-json\/wp\/v2\/media?parent=277"}],"curies":[{"name":"wp","href":"https:\/\/api.w.org\/{rel}","templated":true}]}}