{"id":273,"date":"2016-05-12T23:30:40","date_gmt":"2016-05-12T23:30:40","guid":{"rendered":"https:\/\/demec.ufpr.br\/gbio\/?page_id=273"},"modified":"2024-08-21T21:27:56","modified_gmt":"2024-08-21T21:27:56","slug":"bioatividade-de-superficies-interfaces","status":"publish","type":"page","link":"https:\/\/demec.ufpr.br\/gbio\/bioatividade-de-superficies-interfaces\/","title":{"rendered":"Bioatividade de Superf\u00edcies &amp; Interfaces"},"content":{"rendered":"\n<p>Tratamentos f\u00edsicos, qu\u00edmicos e eletroqu\u00edmicos visando a bioatividade superficial. Ensaios que simulam as condi\u00e7\u00f5es fisiol\u00f3gicas, flu\u00eddos corp\u00f3reos e composi\u00e7\u00e3o inorg\u00e2nica do osso.<\/p>\n\n\n\n<div class=\"wp-block-columns is-layout-flex wp-container-core-columns-is-layout-9d6595d7 wp-block-columns-is-layout-flex\">\n<div class=\"wp-block-column is-layout-flow wp-block-column-is-layout-flow\">\n<figure class=\"wp-block-image size-full is-resized\"><a href=\"https:\/\/demec.ufpr.br\/gbio\/wp-content\/uploads\/sites\/10\/2024\/08\/image-7.png\"><img fetchpriority=\"high\" decoding=\"async\" width=\"302\" height=\"288\" src=\"https:\/\/demec.ufpr.br\/gbio\/wp-content\/uploads\/sites\/10\/2024\/08\/image-7.png\" alt=\"\" class=\"wp-image-2431\" style=\"width:311px;height:auto\" srcset=\"https:\/\/demec.ufpr.br\/gbio\/wp-content\/uploads\/sites\/10\/2024\/08\/image-7.png 302w, https:\/\/demec.ufpr.br\/gbio\/wp-content\/uploads\/sites\/10\/2024\/08\/image-7-300x286.png 300w, https:\/\/demec.ufpr.br\/gbio\/wp-content\/uploads\/sites\/10\/2024\/08\/image-7-105x100.png 105w, https:\/\/demec.ufpr.br\/gbio\/wp-content\/uploads\/sites\/10\/2024\/08\/image-7-60x57.png 60w\" sizes=\"(max-width: 302px) 100vw, 302px\" \/><\/a><figcaption class=\"wp-element-caption\"><strong>Camargo, E. &amp; Hamdar, K., 2021<\/strong><\/figcaption><\/figure>\n<\/div>\n\n\n\n<div class=\"wp-block-column is-layout-flow wp-block-column-is-layout-flow\">\n<figure class=\"wp-block-image size-full is-resized\"><a href=\"https:\/\/demec.ufpr.br\/gbio\/wp-content\/uploads\/sites\/10\/2024\/08\/image-7-1.png\"><img decoding=\"async\" width=\"407\" height=\"300\" src=\"https:\/\/demec.ufpr.br\/gbio\/wp-content\/uploads\/sites\/10\/2024\/08\/image-7-1.png\" alt=\"\" class=\"wp-image-2432\" style=\"width:410px;height:auto\" srcset=\"https:\/\/demec.ufpr.br\/gbio\/wp-content\/uploads\/sites\/10\/2024\/08\/image-7-1.png 407w, https:\/\/demec.ufpr.br\/gbio\/wp-content\/uploads\/sites\/10\/2024\/08\/image-7-1-300x221.png 300w, https:\/\/demec.ufpr.br\/gbio\/wp-content\/uploads\/sites\/10\/2024\/08\/image-7-1-136x100.png 136w, https:\/\/demec.ufpr.br\/gbio\/wp-content\/uploads\/sites\/10\/2024\/08\/image-7-1-75x55.png 75w\" sizes=\"(max-width: 407px) 100vw, 407px\" \/><\/a><figcaption class=\"wp-element-caption\"><strong>Teruya, R. E., 2019<\/strong><\/figcaption><\/figure>\n<\/div>\n<\/div>\n\n\n\n<p><\/p>\n","protected":false},"excerpt":{"rendered":"<p>Tratamentos f\u00edsicos, qu\u00edmicos e eletroqu\u00edmicos visando a bioatividade superficial. Ensaios que simulam [&hellip;]<\/p>\n","protected":false},"author":1006,"featured_media":0,"parent":0,"menu_order":0,"comment_status":"open","ping_status":"open","template":"","meta":{"_acf_changed":false,"footnotes":""},"class_list":["post-273","page","type-page","status-publish","hentry"],"acf":[],"_links":{"self":[{"href":"https:\/\/demec.ufpr.br\/gbio\/wp-json\/wp\/v2\/pages\/273","targetHints":{"allow":["GET"]}}],"collection":[{"href":"https:\/\/demec.ufpr.br\/gbio\/wp-json\/wp\/v2\/pages"}],"about":[{"href":"https:\/\/demec.ufpr.br\/gbio\/wp-json\/wp\/v2\/types\/page"}],"author":[{"embeddable":true,"href":"https:\/\/demec.ufpr.br\/gbio\/wp-json\/wp\/v2\/users\/1006"}],"replies":[{"embeddable":true,"href":"https:\/\/demec.ufpr.br\/gbio\/wp-json\/wp\/v2\/comments?post=273"}],"version-history":[{"count":7,"href":"https:\/\/demec.ufpr.br\/gbio\/wp-json\/wp\/v2\/pages\/273\/revisions"}],"predecessor-version":[{"id":2433,"href":"https:\/\/demec.ufpr.br\/gbio\/wp-json\/wp\/v2\/pages\/273\/revisions\/2433"}],"wp:attachment":[{"href":"https:\/\/demec.ufpr.br\/gbio\/wp-json\/wp\/v2\/media?parent=273"}],"curies":[{"name":"wp","href":"https:\/\/api.w.org\/{rel}","templated":true}]}}