{"id":2456,"date":"2024-08-21T21:57:20","date_gmt":"2024-08-21T21:57:20","guid":{"rendered":"https:\/\/demec.ufpr.br\/gbio\/?page_id=2456"},"modified":"2024-08-21T21:57:20","modified_gmt":"2024-08-21T21:57:20","slug":"sistemas-anti-fouling","status":"publish","type":"page","link":"https:\/\/demec.ufpr.br\/gbio\/sistemas-anti-fouling\/","title":{"rendered":"Sistemas Anti-Fouling:"},"content":{"rendered":"<p style=\"text-align: center\">Baseado na necessidade de desenvolver materiais que contribuam para minimizar os efeitos nocivos dos anti-incrustantes, investigamos materiais lamelares, como aditivos em revestimentos org\u00e2nicos com resposta ativa ao processo de bioincrusta\u00e7\u00e3o.<\/p>\n\n<div class=\"wp-block-image\">\n<figure class=\"aligncenter size-full\"><a href=\"https:\/\/demec.ufpr.br\/gbio\/wp-content\/uploads\/sites\/10\/2024\/08\/image-7-4.png\"><img fetchpriority=\"high\" decoding=\"async\" width=\"302\" height=\"288\" src=\"https:\/\/demec.ufpr.br\/gbio\/wp-content\/uploads\/sites\/10\/2024\/08\/image-7-4.png\" alt=\"\" class=\"wp-image-2457\" srcset=\"https:\/\/demec.ufpr.br\/gbio\/wp-content\/uploads\/sites\/10\/2024\/08\/image-7-4.png 302w, https:\/\/demec.ufpr.br\/gbio\/wp-content\/uploads\/sites\/10\/2024\/08\/image-7-4-300x286.png 300w, https:\/\/demec.ufpr.br\/gbio\/wp-content\/uploads\/sites\/10\/2024\/08\/image-7-4-105x100.png 105w, https:\/\/demec.ufpr.br\/gbio\/wp-content\/uploads\/sites\/10\/2024\/08\/image-7-4-60x57.png 60w\" sizes=\"(max-width: 302px) 100vw, 302px\" \/><\/a><\/figure>\n<\/div>","protected":false},"excerpt":{"rendered":"<p>Baseado na necessidade de desenvolver materiais que contribuam para minimizar os efeitos [&hellip;]<\/p>\n","protected":false},"author":1028,"featured_media":0,"parent":0,"menu_order":0,"comment_status":"closed","ping_status":"closed","template":"","meta":{"_acf_changed":false,"footnotes":""},"class_list":["post-2456","page","type-page","status-publish","hentry"],"acf":[],"_links":{"self":[{"href":"https:\/\/demec.ufpr.br\/gbio\/wp-json\/wp\/v2\/pages\/2456","targetHints":{"allow":["GET"]}}],"collection":[{"href":"https:\/\/demec.ufpr.br\/gbio\/wp-json\/wp\/v2\/pages"}],"about":[{"href":"https:\/\/demec.ufpr.br\/gbio\/wp-json\/wp\/v2\/types\/page"}],"author":[{"embeddable":true,"href":"https:\/\/demec.ufpr.br\/gbio\/wp-json\/wp\/v2\/users\/1028"}],"replies":[{"embeddable":true,"href":"https:\/\/demec.ufpr.br\/gbio\/wp-json\/wp\/v2\/comments?post=2456"}],"version-history":[{"count":1,"href":"https:\/\/demec.ufpr.br\/gbio\/wp-json\/wp\/v2\/pages\/2456\/revisions"}],"predecessor-version":[{"id":2458,"href":"https:\/\/demec.ufpr.br\/gbio\/wp-json\/wp\/v2\/pages\/2456\/revisions\/2458"}],"wp:attachment":[{"href":"https:\/\/demec.ufpr.br\/gbio\/wp-json\/wp\/v2\/media?parent=2456"}],"curies":[{"name":"wp","href":"https:\/\/api.w.org\/{rel}","templated":true}]}}