{"id":53,"date":"2013-09-17T20:14:07","date_gmt":"2013-09-17T23:14:07","guid":{"rendered":"https:\/\/demec.ufpr.br\/biomateriais\/?page_id=53"},"modified":"2013-09-19T17:59:12","modified_gmt":"2013-09-19T20:59:12","slug":"home-4","status":"publish","type":"page","link":"https:\/\/demec.ufpr.br\/biomateriais\/home-4\/","title":{"rendered":"Home"},"content":{"rendered":"<p>Site do grupo de biomateriais e eletroqu\u00edmica da Universidade Federal do Paran\u00e1. Em constru\u00e7\u00e3o&#8230;<\/p>\n","protected":false},"excerpt":{"rendered":"<p>Site do grupo de biomateriais e eletroqu\u00edmica da Universidade Federal do Paran\u00e1. Em constru\u00e7\u00e3o&#8230;<\/p>\n","protected":false},"author":4,"featured_media":0,"parent":0,"menu_order":0,"comment_status":"open","ping_status":"open","template":"","meta":{"_acf_changed":false,"footnotes":""},"class_list":["post-53","page","type-page","status-publish","hentry"],"acf":[],"_links":{"self":[{"href":"https:\/\/demec.ufpr.br\/biomateriais\/wp-json\/wp\/v2\/pages\/53","targetHints":{"allow":["GET"]}}],"collection":[{"href":"https:\/\/demec.ufpr.br\/biomateriais\/wp-json\/wp\/v2\/pages"}],"about":[{"href":"https:\/\/demec.ufpr.br\/biomateriais\/wp-json\/wp\/v2\/types\/page"}],"author":[{"embeddable":true,"href":"https:\/\/demec.ufpr.br\/biomateriais\/wp-json\/wp\/v2\/users\/4"}],"replies":[{"embeddable":true,"href":"https:\/\/demec.ufpr.br\/biomateriais\/wp-json\/wp\/v2\/comments?post=53"}],"version-history":[{"count":5,"href":"https:\/\/demec.ufpr.br\/biomateriais\/wp-json\/wp\/v2\/pages\/53\/revisions"}],"predecessor-version":[{"id":74,"href":"https:\/\/demec.ufpr.br\/biomateriais\/wp-json\/wp\/v2\/pages\/53\/revisions\/74"}],"wp:attachment":[{"href":"https:\/\/demec.ufpr.br\/biomateriais\/wp-json\/wp\/v2\/media?parent=53"}],"curies":[{"name":"wp","href":"https:\/\/api.w.org\/{rel}","templated":true}]}}